{"id":2804,"date":"2026-04-15T11:32:13","date_gmt":"2026-04-15T09:32:13","guid":{"rendered":"https:\/\/www.frage-consult.ca\/?page_id=2804"},"modified":"2026-04-21T08:39:31","modified_gmt":"2026-04-21T06:39:31","slug":"strategie-esg","status":"publish","type":"page","link":"https:\/\/www.frage-consult.ca\/fr\/strategie-esg\/","title":{"rendered":"Strat\u00e9gie ESG"},"content":{"rendered":"<h1>Notre strat\u00e9gie ESG<\/h1>\n<div>\n<p>Notre strat\u00e9gie ESG souligne l\u2019importance de la durabilit\u00e9, de la responsabilit\u00e9 sociale et d\u2019une gouvernance transparente. Elle repose sur des partenariats respectueux de l\u2019environnement, des standards sociaux allant au-del\u00e0 des exigences l\u00e9gales ainsi qu\u2019un suivi r\u00e9gulier de nos objectifs ESG avec des ajustements continus.<\/p>\n<p>Nos valeurs fondamentales sont l\u2019authenticit\u00e9, l\u2019\u00e9quit\u00e9, la tol\u00e9rance et la fiabilit\u00e9 \u2014 elles guident l\u2019ensemble de nos actions.<\/p>\n<\/div>\n<ul>\n<li>\n<p>        <img decoding=\"async\" src=\"\/wp-content\/uploads\/methode-navigation-2.jpg\" alt=\"\"><\/p>\n<h3>1. Environnement<\/h3>\n<div>\n<p>La plupart des gens savent qu\u2019un comportement durable exige de d\u00e9passer les contraintes du rythme effr\u00e9n\u00e9 de la vie moderne. Des changements trop brusques m\u00e8nent souvent \u00e0 l\u2019arr\u00eat plut\u00f4t qu\u2019au progr\u00e8s.<\/p>\n<p>Dans le choix de nos partenaires, nous accordons une attention particuli\u00e8re \u00e0 la durabilit\u00e9, aux droits humains ainsi qu\u2019\u00e0 la sant\u00e9 et \u00e0 la s\u00e9curit\u00e9 au travail. Pour nous, l\u2019authenticit\u00e9 et la cr\u00e9dibilit\u00e9 sont essentielles.<\/p>\n<p><strong>Structur\u00e9. Analytique. Transparent.<\/strong><\/p>\n<\/div>\n<\/li>\n<li>\n<p>        <img decoding=\"async\" src=\"\/wp-content\/uploads\/methode-agilitaet-2.jpg\" alt=\"\"><\/p>\n<h3>2. Social<\/h3>\n<div>\n<p>En tant qu\u2019entrepreneurs, nous sommes profond\u00e9ment concern\u00e9s par la responsabilit\u00e9 sociale et l\u2019\u00e9thique des affaires.<\/p>\n<p>Nous veillons au respect de normes \u00e9lev\u00e9es en mati\u00e8re d\u2019environnement de travail et d\u2019engagement social, en allant toujours au-del\u00e0 des obligations l\u00e9gales. Cela s\u2019applique aussi bien \u00e0 nos activit\u00e9s internes qu\u2019\u00e0 l\u2019ensemble de nos relations professionnelles.<\/p>\n<p><b>Courageux. \u00c9quitable. Tol\u00e9rant.<\/b><\/p>\n<\/div>\n<\/li>\n<li>\n<p>        <img decoding=\"async\" src=\"\/wp-content\/uploads\/methode-navigation-1.jpg\" alt=\"\"><\/p>\n<h3>3. Gouvernance<\/h3>\n<div>\n<p>En tant que direction d\u2019entreprise, nous d\u00e9fendons une gestion responsable dans les domaines environnementaux et sociaux.<\/p>\n<p>Nos objectifs ESG sont suivis en permanence, ajust\u00e9s si n\u00e9cessaire et mis en \u0153uvre de mani\u00e8re transparente et responsable. Gr\u00e2ce \u00e0 des rapports r\u00e9guliers, toutes les parties prenantes sont pleinement inform\u00e9es des progr\u00e8s r\u00e9alis\u00e9s.<\/p>\n<p><strong>Fiable. Rigoureux. Loyal.<\/strong><\/p>\n<\/div>\n<\/li>\n<\/ul>\n<h3>Services<\/h3>\n<div>\n<\/div>\n<div>Une question ?<\/div>\n<div>Parlez-en avec nos experts lors d\u2019une premi\u00e8re consultation gratuite.<\/div>\n<p><p>\n        <a href=\"mailto:question@frage-consult.ca\">question@frage-consult.ca<\/a>\n    <\/p>\n<\/p>\n<p><p>\n        <a href=\"tel:+4904040114100\">+49 (0) 40 401141 &#8211; 00<\/a>\n    <\/p>\n<\/p>\n<p><!--more--><br \/>\n<!-- {\"type\":\"layout\",\"children\":[{\"type\":\"section\",\"props\":{\"id\":\"breadcrumb\",\"image_position\":\"center-center\",\"padding_bottom\":\"none\",\"padding_top\":\"none\",\"style\":\"muted\",\"title_breakpoint\":\"xl\",\"title_position\":\"top-left\",\"title_rotation\":\"left\",\"vertical_align\":\"\",\"width\":\"large\"},\"children\":[{\"type\":\"row\",\"children\":[{\"type\":\"column\",\"props\":{\"image_position\":\"center-center\",\"position_sticky_breakpoint\":\"m\"},\"children\":[{\"type\":\"module\",\"props\":{\"class\":\"uk-breadcrumb\",\"menu_image_align\":\"center\",\"menu_image_margin\":true,\"menu_style\":\"default\",\"menu_type\":\"nav\",\"type\":\"custom_html\",\"widget\":\"custom_html-4\"}}]}]}],\"name\":\"Breadcrumb\"},{\"type\":\"section\",\"props\":{\"animation\":\"fade\",\"id\":\"content\",\"image_position\":\"center-center\",\"style\":\"default\",\"title_breakpoint\":\"xl\",\"title_position\":\"top-left\",\"title_rotation\":\"left\",\"vertical_align\":\"\",\"width\":\"large\"},\"children\":[{\"type\":\"row\",\"props\":{\"column_gap\":\"large\",\"layout\":\"2-3,1-3\",\"margin_bottom\":\"large\",\"margin_top\":\"large\",\"padding_remove_horizontal\":false,\"row_gap\":\"large\",\"width\":\"large\"},\"children\":[{\"type\":\"column\",\"props\":{\"image_position\":\"center-center\",\"position_sticky_breakpoint\":\"m\",\"width_medium\":\"2-3\"},\"children\":[{\"type\":\"headline\",\"props\":{\"content\":\"Notre strat\u00e9gie ESG\",\"image_align\":\"left\",\"image_margin\":\"xsmall\",\"title_element\":\"h1\",\"title_style\":\"h2\"}},{\"type\":\"headline\",\"props\":{\"content\":\"Lorem ipsum\",\"image_align\":\"left\",\"image_margin\":\"xsmall\",\"margin_bottom\":\"default\",\"margin_top\":\"default\",\"status\":\"disabled\",\"title_element\":\"h2\",\"title_style\":\"h3\"}},{\"type\":\"text\",\"props\":{\"column_breakpoint\":\"m\",\"content\":\"\n\n<p>Notre strat\u00e9gie ESG souligne l\u2019importance de la durabilit\u00e9, de la responsabilit\u00e9 sociale et d\u2019une gouvernance transparente. Elle repose sur des partenariats respectueux de l\u2019environnement, des standards sociaux allant au-del\u00e0 des exigences l\u00e9gales ainsi qu\u2019un suivi r\u00e9gulier de nos objectifs ESG avec des ajustements continus.<\/p>\n\n\\n\n\n<p>Nos valeurs fondamentales sont l\u2019authenticit\u00e9, l\u2019\u00e9quit\u00e9, la tol\u00e9rance et la fiabilit\u00e9 \u2014 elles guident l\u2019ensemble de nos actions.<\/p>\n\n\",\"margin_bottom\":\"default\",\"margin_top\":\"default\"}},{\"type\":\"grid\",\"props\":{\"content_column_breakpoint\":\"m\",\"filter_align\":\"left\",\"filter_all\":true,\"filter_grid_breakpoint\":\"m\",\"filter_grid_width\":\"auto\",\"filter_position\":\"top\",\"filter_style\":\"tab\",\"grid_column_gap\":\"small\",\"grid_default\":\"1\",\"grid_medium\":\"\",\"grid_row_gap\":\"large\",\"image_align\":\"left\",\"image_grid_breakpoint\":\"s\",\"image_grid_column_gap\":\"medium\",\"image_grid_row_gap\":\"medium\",\"image_grid_width\":\"1-3\",\"image_height\":\"500\",\"image_svg_color\":\"emphasis\",\"image_width\":\"800\",\"item_animation\":true,\"lightbox_bg_close\":true,\"link_style\":\"default\",\"link_text\":\"Read more\",\"margin_bottom\":\"medium\",\"margin_top\":\"medium\",\"meta_align\":\"above-title\",\"meta_color\":\"primary\",\"meta_element\":\"div\",\"meta_style\":\"h5\",\"panel_padding\":\"small\",\"parallax_easing\":\"1\",\"show_content\":true,\"show_hover_image\":true,\"show_hover_video\":true,\"show_image\":false,\"show_link\":true,\"show_meta\":true,\"show_title\":true,\"show_video\":true,\"title_align\":\"top\",\"title_element\":\"h3\",\"title_grid_breakpoint\":\"m\",\"title_grid_width\":\"1-2\",\"title_hover_style\":\"reset\",\"title_style\":\"h3\"},\"children\":[{\"type\":\"grid_item\",\"props\":{\"content\":\"\n\n<p>La plupart des gens savent qu\u2019un comportement durable exige de d\u00e9passer les contraintes du rythme effr\u00e9n\u00e9 de la vie moderne. Des changements trop brusques m\u00e8nent souvent \u00e0 l\u2019arr\u00eat plut\u00f4t qu\u2019au progr\u00e8s.<\/p>\n\n\\n\n\n<p>Dans le choix de nos partenaires, nous accordons une attention particuli\u00e8re \u00e0 la durabilit\u00e9, aux droits humains ainsi qu\u2019\u00e0 la sant\u00e9 et \u00e0 la s\u00e9curit\u00e9 au travail. Pour nous, l\u2019authenticit\u00e9 et la cr\u00e9dibilit\u00e9 sont essentielles.<\/p>\n\n\\n\n\n<p><strong>Structur\u00e9. Analytique. Transparent.<\/strong><\/p>\n\n\",\"image\":\"wp-content\/uploads\/methode-navigation-2.jpg\",\"meta\":\"\",\"title\":\"1. Environnement\"}},{\"type\":\"grid_item\",\"props\":{\"content\":\"\n\n<p>En tant qu\u2019entrepreneurs, nous sommes profond\u00e9ment concern\u00e9s par la responsabilit\u00e9 sociale et l\u2019\u00e9thique des affaires.<\/p>\n\n\\n\n\n<p>Nous veillons au respect de normes \u00e9lev\u00e9es en mati\u00e8re d\u2019environnement de travail et d\u2019engagement social, en allant toujours au-del\u00e0 des obligations l\u00e9gales. Cela s\u2019applique aussi bien \u00e0 nos activit\u00e9s internes qu\u2019\u00e0 l\u2019ensemble de nos relations professionnelles.<\/p>\n\n\\n\n\n<p><b>Courageux. \u00c9quitable. Tol\u00e9rant.<\/b><\/p>\n\n\",\"image\":\"wp-content\/uploads\/methode-agilitaet-2.jpg\",\"meta\":\"\",\"title\":\"2. Social\"}},{\"type\":\"grid_item\",\"props\":{\"content\":\"\n\n<p>En tant que direction d\u2019entreprise, nous d\u00e9fendons une gestion responsable dans les domaines environnementaux et sociaux.<\/p>\n\n\\n\n\n<p>Nos objectifs ESG sont suivis en permanence, ajust\u00e9s si n\u00e9cessaire et mis en \u0153uvre de mani\u00e8re transparente et responsable. Gr\u00e2ce \u00e0 des rapports r\u00e9guliers, toutes les parties prenantes sont pleinement inform\u00e9es des progr\u00e8s r\u00e9alis\u00e9s.<\/p>\n\n\\n\n\n<p><strong>Fiable. Rigoureux. Loyal.<\/strong><\/p>\n\n\",\"image\":\"wp-content\/uploads\/methode-navigation-1.jpg\",\"meta\":\"\",\"title\":\"3. Gouvernance\"}}]}]},{\"type\":\"column\",\"props\":{\"image_position\":\"center-center\",\"position_sticky\":\"column\",\"position_sticky_breakpoint\":\"m\",\"position_sticky_offset\":\"110\",\"width_medium\":\"1-3\"},\"children\":[{\"type\":\"headline\",\"props\":{\"_condition\":true,\"animation\":\"none\",\"content\":\"Services\",\"image_align\":\"left\",\"image_margin\":\"xsmall\",\"title_element\":\"h3\",\"title_style\":\"h5\"}},{\"type\":\"list\",\"children\":[{\"type\":\"list_item\",\"source\":{\"query\":{\"name\":\"leistungens.customLeistungens\",\"arguments\":{\"users\":[],\"users_operator\":\"IN\",\"offset\":0,\"limit\":10,\"order\":\"date\",\"order_direction\":\"DESC\"}},\"props\":{\"content\":{\"filters\":{\"search\":\"\"},\"name\":\"title\"},\"link\":{\"filters\":{\"search\":\"\"},\"name\":\"link\"}}}}],\"props\":{\"column_breakpoint\":\"m\",\"icon\":\"chevron-right\",\"image_align\":\"left\",\"image_svg_color\":\"emphasis\",\"image_vertical_align\":true,\"link_style\":\"text\",\"list_element\":\"ul\",\"list_horizontal_separator\":\", \",\"list_type\":\"vertical\",\"show_image\":true,\"show_link\":true}}]}]}],\"name\":\"Content\"},{\"type\":\"section\",\"props\":{\"id\":\"contact\",\"image\":\"wp-content\/uploads\/bg-skyline-halyfax-white-1920-1.svg\",\"image_position\":\"bottom-center\",\"image_width\":\"2560\",\"media_overlay\":\"rgba(75, 86, 115, 0.9)\",\"padding_bottom\":\"large\",\"padding_top\":\"large\",\"style\":\"secondary\",\"title_breakpoint\":\"xl\",\"title_position\":\"top-left\",\"title_rotation\":\"left\",\"vertical_align\":\"\",\"width\":\"default\"},\"children\":[{\"type\":\"row\",\"props\":{\"column_gap\":\"large\",\"row_gap\":\"large\"},\"children\":[{\"type\":\"column\",\"props\":{\"image_position\":\"center-center\",\"position_sticky_breakpoint\":\"m\"},\"children\":[{\"type\":\"headline\",\"props\":{\"block_align\":\"center\",\"block_align_fallback\":\"center\",\"content\":\"Une question ?\",\"image_align\":\"left\",\"image_margin\":\"xsmall\",\"margin_top\":\"remove\",\"maxwidth\":\"2xlarge\",\"maxwidth_breakpoint\":\"m\",\"text_align\":\"center\",\"text_align_fallback\":\"center\",\"title_element\":\"div\",\"title_style\":\"heading-medium\"}},{\"type\":\"text\",\"props\":{\"block_align\":\"center\",\"block_align_fallback\":\"center\",\"column_breakpoint\":\"m\",\"content\":\"Parlez-en avec nos experts lors d\u2019une premi\u00e8re consultation gratuite.\",\"margin_bottom\":\"default\",\"margin_top\":\"default\",\"maxwidth\":\"xlarge\",\"maxwidth_breakpoint\":\"s\",\"text_align\":\"center\",\"text_align_fallback\":\"center\"}},{\"type\":\"button\",\"props\":{\"class\":\"uk-h4\",\"grid_column_gap\":\"small\",\"grid_row_gap\":\"small\",\"margin_bottom\":\"remove\",\"margin_top\":\"remove\",\"text_align\":\"center\",\"text_align_fallback\":\"center\"},\"children\":[{\"type\":\"button_item\",\"props\":{\"button_style\":\"\",\"content\":\"question@frage-consult.ca\",\"dialog_layout\":\"modal\",\"dialog_offcanvas_flip\":true,\"icon\":\"mail\",\"icon_align\":\"left\",\"link\":\"mailto:question@frage-consult.ca\"}}]},{\"type\":\"button\",\"props\":{\"block_align\":\"center\",\"class\":\"uk-h4\",\"grid_column_gap\":\"small\",\"grid_row_gap\":\"small\",\"margin_bottom\":\"small\",\"margin_top\":\"small\",\"text_align\":\"center\",\"text_align_fallback\":\"center\"},\"children\":[{\"type\":\"button_item\",\"props\":{\"button_style\":\"\",\"content\":\"+49 (0) 40 401141 - 00\",\"dialog_layout\":\"modal\",\"dialog_offcanvas_flip\":true,\"icon\":\"receiver\",\"icon_align\":\"left\",\"link\":\"tel:+4904040114100\"}}]}]}]}],\"name\":\"Kontakt FR\"}],\"version\":\"5.0.26\"} --><\/p>\n","protected":false},"excerpt":{"rendered":"<p>Notre strat\u00e9gie ESG Notre strat\u00e9gie ESG souligne l\u2019importance de la durabilit\u00e9, de la responsabilit\u00e9 sociale et d\u2019une gouvernance transparente. Elle repose sur des partenariats respectueux de l\u2019environnement, des standards sociaux allant au-del\u00e0 des exigences l\u00e9gales ainsi qu\u2019un suivi r\u00e9gulier de nos objectifs ESG avec des ajustements continus. Nos valeurs fondamentales sont l\u2019authenticit\u00e9, l\u2019\u00e9quit\u00e9, la tol\u00e9rance [&hellip;]<\/p>\n","protected":false},"author":1,"featured_media":0,"parent":0,"menu_order":0,"comment_status":"closed","ping_status":"closed","template":"","meta":{"_acf_changed":false,"footnotes":""},"class_list":["post-2804","page","type-page","status-publish","hentry"],"acf":[],"yoast_head":"<!-- This site is optimized with the Yoast SEO plugin v27.2 - https:\/\/yoast.com\/product\/yoast-seo-wordpress\/ -->\n<title>Strat\u00e9gie ESG | Frage Consulting GmbH<\/title>\n<meta name=\"robots\" content=\"index, follow, max-snippet:-1, max-image-preview:large, max-video-preview:-1\" \/>\n<link rel=\"canonical\" href=\"https:\/\/www.frage-consult.ca\/fr\/strategie-esg\/\" \/>\n<meta property=\"og:locale\" content=\"fr_CA\" \/>\n<meta property=\"og:type\" content=\"article\" \/>\n<meta property=\"og:title\" content=\"Strat\u00e9gie ESG | Frage Consulting GmbH\" \/>\n<meta property=\"og:description\" content=\"Notre strat\u00e9gie ESG Notre strat\u00e9gie ESG souligne l\u2019importance de la durabilit\u00e9, de la responsabilit\u00e9 sociale et d\u2019une gouvernance transparente. Elle repose sur des partenariats respectueux de l\u2019environnement, des standards sociaux allant au-del\u00e0 des exigences l\u00e9gales ainsi qu\u2019un suivi r\u00e9gulier de nos objectifs ESG avec des ajustements continus. Nos valeurs fondamentales sont l\u2019authenticit\u00e9, l\u2019\u00e9quit\u00e9, la tol\u00e9rance [&hellip;]\" \/>\n<meta property=\"og:url\" content=\"https:\/\/www.frage-consult.ca\/fr\/strategie-esg\/\" \/>\n<meta property=\"og:site_name\" content=\"Frage Consulting GmbH\" \/>\n<meta property=\"article:modified_time\" content=\"2026-04-21T06:39:31+00:00\" \/>\n<meta name=\"twitter:card\" content=\"summary_large_image\" \/>\n<meta name=\"twitter:label1\" content=\"Estimation du temps de lecture\" \/>\n\t<meta name=\"twitter:data1\" content=\"2 minutes\" \/>\n<script type=\"application\/ld+json\" class=\"yoast-schema-graph\">{\"@context\":\"https:\/\/schema.org\",\"@graph\":[{\"@type\":\"WebPage\",\"@id\":\"https:\/\/www.frage-consult.ca\/fr\/strategie-esg\/\",\"url\":\"https:\/\/www.frage-consult.ca\/fr\/strategie-esg\/\",\"name\":\"Strat\u00e9gie ESG | Frage Consulting GmbH\",\"isPartOf\":{\"@id\":\"https:\/\/www.frage-consult.ca\/fr\/#website\"},\"datePublished\":\"2026-04-15T09:32:13+00:00\",\"dateModified\":\"2026-04-21T06:39:31+00:00\",\"breadcrumb\":{\"@id\":\"https:\/\/www.frage-consult.ca\/fr\/strategie-esg\/#breadcrumb\"},\"inLanguage\":\"fr-CA\",\"potentialAction\":[{\"@type\":\"ReadAction\",\"target\":[\"https:\/\/www.frage-consult.ca\/fr\/strategie-esg\/\"]}]},{\"@type\":\"BreadcrumbList\",\"@id\":\"https:\/\/www.frage-consult.ca\/fr\/strategie-esg\/#breadcrumb\",\"itemListElement\":[{\"@type\":\"ListItem\",\"position\":1,\"name\":\"Home\",\"item\":\"https:\/\/www.frage-consult.ca\/fr\/\"},{\"@type\":\"ListItem\",\"position\":2,\"name\":\"Strat\u00e9gie ESG\"}]},{\"@type\":\"WebSite\",\"@id\":\"https:\/\/www.frage-consult.ca\/fr\/#website\",\"url\":\"https:\/\/www.frage-consult.ca\/fr\/\",\"name\":\"FRAGE CONSULT INC.\",\"description\":\"FraGe - Die BeschaffungsNetzwerker\",\"publisher\":{\"@id\":\"https:\/\/www.frage-consult.ca\/fr\/#organization\"},\"potentialAction\":[{\"@type\":\"SearchAction\",\"target\":{\"@type\":\"EntryPoint\",\"urlTemplate\":\"https:\/\/www.frage-consult.ca\/fr\/?s={search_term_string}\"},\"query-input\":{\"@type\":\"PropertyValueSpecification\",\"valueRequired\":true,\"valueName\":\"search_term_string\"}}],\"inLanguage\":\"fr-CA\"},{\"@type\":\"Organization\",\"@id\":\"https:\/\/www.frage-consult.ca\/fr\/#organization\",\"name\":\"FRAGE CONSULT INC.\",\"url\":\"https:\/\/www.frage-consult.ca\/fr\/\",\"logo\":{\"@type\":\"ImageObject\",\"inLanguage\":\"fr-CA\",\"@id\":\"https:\/\/www.frage-consult.ca\/fr\/#\/schema\/logo\/image\/\",\"url\":\"https:\/\/www.frage-consult.ca\/wp-content\/uploads\/frage-touchicon-2.png\",\"contentUrl\":\"https:\/\/www.frage-consult.ca\/wp-content\/uploads\/frage-touchicon-2.png\",\"width\":180,\"height\":180,\"caption\":\"FRAGE CONSULT INC.\"},\"image\":{\"@id\":\"https:\/\/www.frage-consult.ca\/fr\/#\/schema\/logo\/image\/\"}}]}<\/script>\n<!-- \/ Yoast SEO plugin. -->","yoast_head_json":{"title":"Strat\u00e9gie ESG | Frage Consulting GmbH","robots":{"index":"index","follow":"follow","max-snippet":"max-snippet:-1","max-image-preview":"max-image-preview:large","max-video-preview":"max-video-preview:-1"},"canonical":"https:\/\/www.frage-consult.ca\/fr\/strategie-esg\/","og_locale":"fr_CA","og_type":"article","og_title":"Strat\u00e9gie ESG | Frage Consulting GmbH","og_description":"Notre strat\u00e9gie ESG Notre strat\u00e9gie ESG souligne l\u2019importance de la durabilit\u00e9, de la responsabilit\u00e9 sociale et d\u2019une gouvernance transparente. Elle repose sur des partenariats respectueux de l\u2019environnement, des standards sociaux allant au-del\u00e0 des exigences l\u00e9gales ainsi qu\u2019un suivi r\u00e9gulier de nos objectifs ESG avec des ajustements continus. Nos valeurs fondamentales sont l\u2019authenticit\u00e9, l\u2019\u00e9quit\u00e9, la tol\u00e9rance [&hellip;]","og_url":"https:\/\/www.frage-consult.ca\/fr\/strategie-esg\/","og_site_name":"Frage Consulting GmbH","article_modified_time":"2026-04-21T06:39:31+00:00","twitter_card":"summary_large_image","twitter_misc":{"Estimation du temps de lecture":"2 minutes"},"schema":{"@context":"https:\/\/schema.org","@graph":[{"@type":"WebPage","@id":"https:\/\/www.frage-consult.ca\/fr\/strategie-esg\/","url":"https:\/\/www.frage-consult.ca\/fr\/strategie-esg\/","name":"Strat\u00e9gie ESG | Frage Consulting GmbH","isPartOf":{"@id":"https:\/\/www.frage-consult.ca\/fr\/#website"},"datePublished":"2026-04-15T09:32:13+00:00","dateModified":"2026-04-21T06:39:31+00:00","breadcrumb":{"@id":"https:\/\/www.frage-consult.ca\/fr\/strategie-esg\/#breadcrumb"},"inLanguage":"fr-CA","potentialAction":[{"@type":"ReadAction","target":["https:\/\/www.frage-consult.ca\/fr\/strategie-esg\/"]}]},{"@type":"BreadcrumbList","@id":"https:\/\/www.frage-consult.ca\/fr\/strategie-esg\/#breadcrumb","itemListElement":[{"@type":"ListItem","position":1,"name":"Home","item":"https:\/\/www.frage-consult.ca\/fr\/"},{"@type":"ListItem","position":2,"name":"Strat\u00e9gie ESG"}]},{"@type":"WebSite","@id":"https:\/\/www.frage-consult.ca\/fr\/#website","url":"https:\/\/www.frage-consult.ca\/fr\/","name":"FRAGE CONSULT INC.","description":"FraGe - Die BeschaffungsNetzwerker","publisher":{"@id":"https:\/\/www.frage-consult.ca\/fr\/#organization"},"potentialAction":[{"@type":"SearchAction","target":{"@type":"EntryPoint","urlTemplate":"https:\/\/www.frage-consult.ca\/fr\/?s={search_term_string}"},"query-input":{"@type":"PropertyValueSpecification","valueRequired":true,"valueName":"search_term_string"}}],"inLanguage":"fr-CA"},{"@type":"Organization","@id":"https:\/\/www.frage-consult.ca\/fr\/#organization","name":"FRAGE CONSULT INC.","url":"https:\/\/www.frage-consult.ca\/fr\/","logo":{"@type":"ImageObject","inLanguage":"fr-CA","@id":"https:\/\/www.frage-consult.ca\/fr\/#\/schema\/logo\/image\/","url":"https:\/\/www.frage-consult.ca\/wp-content\/uploads\/frage-touchicon-2.png","contentUrl":"https:\/\/www.frage-consult.ca\/wp-content\/uploads\/frage-touchicon-2.png","width":180,"height":180,"caption":"FRAGE CONSULT INC."},"image":{"@id":"https:\/\/www.frage-consult.ca\/fr\/#\/schema\/logo\/image\/"}}]}},"_links":{"self":[{"href":"https:\/\/www.frage-consult.ca\/fr\/wp-json\/wp\/v2\/pages\/2804","targetHints":{"allow":["GET"]}}],"collection":[{"href":"https:\/\/www.frage-consult.ca\/fr\/wp-json\/wp\/v2\/pages"}],"about":[{"href":"https:\/\/www.frage-consult.ca\/fr\/wp-json\/wp\/v2\/types\/page"}],"author":[{"embeddable":true,"href":"https:\/\/www.frage-consult.ca\/fr\/wp-json\/wp\/v2\/users\/1"}],"replies":[{"embeddable":true,"href":"https:\/\/www.frage-consult.ca\/fr\/wp-json\/wp\/v2\/comments?post=2804"}],"version-history":[{"count":4,"href":"https:\/\/www.frage-consult.ca\/fr\/wp-json\/wp\/v2\/pages\/2804\/revisions"}],"predecessor-version":[{"id":2844,"href":"https:\/\/www.frage-consult.ca\/fr\/wp-json\/wp\/v2\/pages\/2804\/revisions\/2844"}],"wp:attachment":[{"href":"https:\/\/www.frage-consult.ca\/fr\/wp-json\/wp\/v2\/media?parent=2804"}],"curies":[{"name":"wp","href":"https:\/\/api.w.org\/{rel}","templated":true}]}}